{"id":88,"date":"2022-06-01T09:10:07","date_gmt":"2022-06-01T07:10:07","guid":{"rendered":"https:\/\/www.teamwillgroup.com\/?page_id=88"},"modified":"2023-11-02T11:40:19","modified_gmt":"2023-11-02T10:40:19","slug":"mentions-legales","status":"publish","type":"page","link":"https:\/\/www.teamwillgroup.com\/fr\/mentions-legales\/","title":{"rendered":"Mentions l\u00e9gales"},"content":{"rendered":"<div class=\"fusion-fullwidth fullwidth-box fusion-builder-row-1 fusion-flex-container nonhundred-percent-fullwidth non-hundred-percent-height-scrolling\" style=\"background-color: rgba(255,255,255,0);background-position: center center;background-repeat: no-repeat;border-width: 0px 0px 0px 0px;border-color:var(--awb-color3);border-style:solid;\" ><div class=\"fusion-builder-row fusion-row fusion-flex-align-items-flex-start\" style=\"max-width:1289.6px;margin-left: calc(-4% \/ 2 );margin-right: calc(-4% \/ 2 );\"><div class=\"fusion-layout-column fusion_builder_column fusion-builder-column-0 fusion_builder_column_1_1 1_1 fusion-flex-column\"><div class=\"fusion-column-wrapper fusion-flex-justify-content-flex-start fusion-content-layout-column\" style=\"background-position:left top;background-repeat:no-repeat;-webkit-background-size:cover;-moz-background-size:cover;-o-background-size:cover;background-size:cover;padding: 0px 0px 0px 0px;\"><div class=\"fusion-text fusion-text-1\"><p><strong>Configuration recommand\u00e9e<\/strong><\/p>\n<ul>\n<li><strong>Navigateurs<\/strong><\/li>\n<\/ul>\n<p>Pour une navigation optimale, nous vous conseillons d\u2019utiliser :<\/p>\n<p><a href=\"http:\/\/www.mozilla-europe.org\/fr\/\">Mozilla Firefox (PC &amp; Mac)<\/a>\u00a0ou\u00a0<a href=\"http:\/\/www.microsoft.com\/france\/windows\/ie\/default.mspx\">Internet Explorer 8 minimum (PC)<\/a>\u00a0ou\u00a0<a href=\"http:\/\/support.apple.com\/kb\/DL1531?viewlocale=fr_FR\">Safari (Mac)<\/a>\u00a0ou\u00a0<a href=\"https:\/\/www.google.com\/intl\/fr\/chrome\/browser\/index.html\">Chrome<\/a><\/p>\n<ul>\n<li><strong>Configuration \u00e9cran<\/strong><\/li>\n<\/ul>\n<p>Pr\u00e9f\u00e9rez un \u00e9cran\u00a0<strong>param\u00e9tr\u00e9 en milliers de couleurs<\/strong>, avec une r\u00e9solution minimum de\u00a0<strong>1024\u00d7768 pixels<\/strong>.<\/p>\n<p><strong>Mentions L\u00e9gales<\/strong><\/p>\n<ul>\n<li><strong>Cr\u00e9dits<\/strong><\/li>\n<\/ul>\n<p>Teamwill<br \/>\n<span class=\"ui-provider ee bfy azo bqk bql bqm bqn bqo bqp bqq bqr bqs bqt bqu bqv bqw bqx bqy bqz bra brb brc brd bre brf brg brh bri brj brk brl brm brn bro brp\" dir=\"ltr\">Tour Trinity, 1 bis Place de la D\u00e9fense,<br \/>\n92800 Puteaux\u00a0<\/span><\/p>\n<p>Tel : +33 (0)1 79 36 36 36<\/p>\n<ul>\n<li>Directeur de la publication :<\/li>\n<\/ul>\n<ul>\n<li><a href=\"https:\/\/www.net-concept.fr\/creation-et-refonte-de-sites-internet\/\">Conception du site internet\u00a0<\/a>:\u00a0<strong>NET CONCEPT<\/strong><\/li>\n<li><a href=\"https:\/\/www.net-concept.fr\/developpement\/\">D\u00e9veloppement du site Internet\u00a0<\/a>:\u00a0<strong>NET CONCEPT<\/strong><\/li>\n<li><a href=\"https:\/\/www.net-concept.fr\/hebergement-mutualise-dedie\/\">H\u00e9bergement du site internet<\/a>\u00a0:\u00a0<strong>NET CONCEPT<\/strong><\/li>\n<\/ul>\n<p>Pour tout probl\u00e8me de consultation rencontr\u00e9 sur le site merci d\u2019adresser vos r\u00e9clamations \u00e0 : contact@teamwill.fr<\/p>\n<ul>\n<li><strong>Exercice du droit d\u2019acc\u00e8s<\/strong><\/li>\n<\/ul>\n<p>Conform\u00e9ment \u00e0 l\u2019article 34 de la Loi Informatique et Libert\u00e9s, vous disposez d\u2019un droit d\u2019acc\u00e8s, de modification, de rectification et de suppression des donn\u00e9es qui vous concernent. Pour exercer ce droit d\u2019acc\u00e8s, adressez-vous \u00e0 <a href=\"mailto:dpo@teamwillgroup.com\">dpo@teamwillgroup.com<\/a><\/p>\n<ul>\n<li><strong>Protection des donn\u00e9es personnelles<\/strong><\/li>\n<\/ul>\n<p>L\u2019internaute peut \u00eatre amen\u00e9 \u00e0 d\u00e9poser certaines donn\u00e9es personnelles en r\u00e9pondant aux formulaires qui lui sont propos\u00e9s. La saisie de ces donn\u00e9es est n\u00e9cessaire au traitement de la demande de l\u2019internaute, par TEAMWILL.<\/p>\n<p><strong>TEAMWILL <\/strong>s\u2019engage \u00e0 respecter les dispositions de la loi n\u00b078-17 du 6 janvier 1978 relative \u00e0 l\u2019informatique, aux fichiers et aux libert\u00e9s modifi\u00e9es et prendre toute pr\u00e9caution n\u00e9cessaire pour pr\u00e9server la s\u00e9curit\u00e9 des informations nominatives confi\u00e9es. Aucune information \u00e0 caract\u00e8re personnel ne sera communiqu\u00e9e \u00e0 des soci\u00e9t\u00e9s tierces sans l\u2019accord pr\u00e9alable et \u00e9clair\u00e9 de l\u2019internaute.<\/p>\n<ul>\n<li><strong>\u00a0<\/strong><a href=\"http:\/\/www.google.com\/analytics\/fr-FR\/\"><strong>Google Analytics<\/strong><\/a><\/li>\n<\/ul>\n<p>Ce site utilise\u00a0<a href=\"http:\/\/www.google.com\/analytics\/fr-FR\/\">Google Analytics<\/a>, un service d\u2019analyse de site internet fourni par Google Inc. (\u00ab Google \u00bb).\u00a0Google Analytics utilise des cookies, qui sont des fichiers texte plac\u00e9s sur votre ordinateur, pour aider le site internet \u00e0 analyser l\u2019utilisation du site par ses utilisateurs. Les donn\u00e9es g\u00e9n\u00e9r\u00e9es par les cookies concernant votre utilisation du site (y compris votre adresse IP) seront transmises et stock\u00e9es par Google sur des serveurs situ\u00e9s aux Etats-Unis.\u00a0Google utilisera cette information dans le but d\u2019\u00e9valuer votre utilisation du site, de compiler des rapports sur l\u2019activit\u00e9 du site \u00e0 destination de son \u00e9diteur et de fournir d\u2019autres services relatifs \u00e0 l\u2019activit\u00e9 du site et \u00e0 l\u2019utilisation d\u2019Internet.<\/p>\n<p>Google est susceptible de communiquer ces donn\u00e9es \u00e0 des tiers en cas d\u2019obligation l\u00e9gale ou lorsque ces tiers traitent ces donn\u00e9es pour le compte de Google, y compris notamment l\u2019\u00e9diteur de ce site.\u00a0Google ne recoupera pas votre adresse IP avec toute autre donn\u00e9e d\u00e9tenue par Google.\u00a0Vous pouvez d\u00e9sactiver l\u2019utilisation de cookies en s\u00e9lectionnant les param\u00e8tres appropri\u00e9s de votre navigateur.\u00a0Cependant, une telle d\u00e9sactivation pourrait emp\u00eacher l\u2019utilisation de certaines fonctionnalit\u00e9s de ce site.\u00a0En utilisant ce site internet, vous consentez express\u00e9ment au traitement de vos donn\u00e9es nominatives par Google dans les conditions et pour les finalit\u00e9s d\u00e9crites ci-dessus.<\/p>\n<\/div><\/div><style type=\"text\/css\">.fusion-body .fusion-builder-column-0{width:100% !important;margin-top : 0px;margin-bottom : 20px;}.fusion-builder-column-0 > .fusion-column-wrapper {padding-top : 0px !important;padding-right : 0px !important;margin-right : 1.92%;padding-bottom : 0px !important;padding-left : 0px !important;margin-left : 1.92%;}@media only screen and (max-width:1024px) {.fusion-body .fusion-builder-column-0{width:100% !important;order : 0;}.fusion-builder-column-0 > .fusion-column-wrapper {margin-right : 1.92%;margin-left : 1.92%;}}@media only screen and (max-width:640px) {.fusion-body .fusion-builder-column-0{width:100% !important;order : 0;}.fusion-builder-column-0 > .fusion-column-wrapper {margin-right : 1.92%;margin-left : 1.92%;}}<\/style><\/div><\/div><style type=\"text\/css\">.fusion-body .fusion-flex-container.fusion-builder-row-1{ padding-top : 0px;margin-top : 0px;padding-right : 0px;padding-bottom : 0px;margin-bottom : 0px;padding-left : 0px;}<\/style><\/div>\n","protected":false},"excerpt":{"rendered":"","protected":false},"author":1,"featured_media":0,"parent":0,"menu_order":0,"comment_status":"closed","ping_status":"closed","template":"","meta":{"footnotes":""},"class_list":["post-88","page","type-page","status-publish","hentry"],"yoast_head":"<!-- This site is optimized with the Yoast SEO plugin v27.5 - https:\/\/yoast.com\/product\/yoast-seo-wordpress\/ -->\n<title>Mentions l\u00e9gales - Teamwill<\/title>\n<meta name=\"robots\" content=\"index, follow, max-snippet:-1, max-image-preview:large, max-video-preview:-1\" \/>\n<link rel=\"canonical\" href=\"https:\/\/www.teamwillgroup.com\/fr\/mentions-legales\/\" \/>\n<meta property=\"og:locale\" content=\"fr_FR\" \/>\n<meta property=\"og:type\" content=\"article\" \/>\n<meta property=\"og:title\" content=\"Mentions l\u00e9gales - Teamwill\" \/>\n<meta property=\"og:url\" content=\"https:\/\/www.teamwillgroup.com\/fr\/mentions-legales\/\" \/>\n<meta property=\"og:site_name\" content=\"Teamwill\" \/>\n<meta property=\"article:modified_time\" content=\"2023-11-02T10:40:19+00:00\" \/>\n<meta name=\"twitter:card\" content=\"summary_large_image\" \/>\n<meta name=\"twitter:label1\" content=\"Dur\u00e9e de lecture estim\u00e9e\" \/>\n\t<meta name=\"twitter:data1\" content=\"4 minutes\" \/>\n<script type=\"application\/ld+json\" class=\"yoast-schema-graph\">{\"@context\":\"https:\\\/\\\/schema.org\",\"@graph\":[{\"@type\":\"WebPage\",\"@id\":\"https:\\\/\\\/www.teamwillgroup.com\\\/fr\\\/mentions-legales\\\/\",\"url\":\"https:\\\/\\\/www.teamwillgroup.com\\\/fr\\\/mentions-legales\\\/\",\"name\":\"Mentions l\u00e9gales - Teamwill\",\"isPartOf\":{\"@id\":\"https:\\\/\\\/www.teamwillgroup.com\\\/fr\\\/#website\"},\"datePublished\":\"2022-06-01T07:10:07+00:00\",\"dateModified\":\"2023-11-02T10:40:19+00:00\",\"breadcrumb\":{\"@id\":\"https:\\\/\\\/www.teamwillgroup.com\\\/fr\\\/mentions-legales\\\/#breadcrumb\"},\"inLanguage\":\"fr-FR\",\"potentialAction\":[{\"@type\":\"ReadAction\",\"target\":[\"https:\\\/\\\/www.teamwillgroup.com\\\/fr\\\/mentions-legales\\\/\"]}]},{\"@type\":\"BreadcrumbList\",\"@id\":\"https:\\\/\\\/www.teamwillgroup.com\\\/fr\\\/mentions-legales\\\/#breadcrumb\",\"itemListElement\":[{\"@type\":\"ListItem\",\"position\":1,\"name\":\"Accueil\",\"item\":\"https:\\\/\\\/www.teamwillgroup.com\\\/fr\\\/\"},{\"@type\":\"ListItem\",\"position\":2,\"name\":\"Mentions l\u00e9gales\"}]},{\"@type\":\"WebSite\",\"@id\":\"https:\\\/\\\/www.teamwillgroup.com\\\/fr\\\/#website\",\"url\":\"https:\\\/\\\/www.teamwillgroup.com\\\/fr\\\/\",\"name\":\"Teamwill\",\"description\":\"Leading credit &amp;  Asset Finance Services\",\"publisher\":{\"@id\":\"https:\\\/\\\/www.teamwillgroup.com\\\/fr\\\/#organization\"},\"potentialAction\":[{\"@type\":\"SearchAction\",\"target\":{\"@type\":\"EntryPoint\",\"urlTemplate\":\"https:\\\/\\\/www.teamwillgroup.com\\\/fr\\\/?s={search_term_string}\"},\"query-input\":{\"@type\":\"PropertyValueSpecification\",\"valueRequired\":true,\"valueName\":\"search_term_string\"}}],\"inLanguage\":\"fr-FR\"},{\"@type\":\"Organization\",\"@id\":\"https:\\\/\\\/www.teamwillgroup.com\\\/fr\\\/#organization\",\"name\":\"Teamwill\",\"url\":\"https:\\\/\\\/www.teamwillgroup.com\\\/fr\\\/\",\"logo\":{\"@type\":\"ImageObject\",\"inLanguage\":\"fr-FR\",\"@id\":\"https:\\\/\\\/www.teamwillgroup.com\\\/fr\\\/#\\\/schema\\\/logo\\\/image\\\/\",\"url\":\"https:\\\/\\\/www.teamwillgroup.com\\\/wp-content\\\/uploads\\\/2022\\\/05\\\/teamwill.png\",\"contentUrl\":\"https:\\\/\\\/www.teamwillgroup.com\\\/wp-content\\\/uploads\\\/2022\\\/05\\\/teamwill.png\",\"width\":239,\"height\":60,\"caption\":\"Teamwill\"},\"image\":{\"@id\":\"https:\\\/\\\/www.teamwillgroup.com\\\/fr\\\/#\\\/schema\\\/logo\\\/image\\\/\"},\"sameAs\":[\"https:\\\/\\\/www.linkedin.com\\\/company\\\/teamwill\"]}]}<\/script>\n<!-- \/ Yoast SEO plugin. -->","yoast_head_json":{"title":"Mentions l\u00e9gales - Teamwill","robots":{"index":"index","follow":"follow","max-snippet":"max-snippet:-1","max-image-preview":"max-image-preview:large","max-video-preview":"max-video-preview:-1"},"canonical":"https:\/\/www.teamwillgroup.com\/fr\/mentions-legales\/","og_locale":"fr_FR","og_type":"article","og_title":"Mentions l\u00e9gales - Teamwill","og_url":"https:\/\/www.teamwillgroup.com\/fr\/mentions-legales\/","og_site_name":"Teamwill","article_modified_time":"2023-11-02T10:40:19+00:00","twitter_card":"summary_large_image","twitter_misc":{"Dur\u00e9e de lecture estim\u00e9e":"4 minutes"},"schema":{"@context":"https:\/\/schema.org","@graph":[{"@type":"WebPage","@id":"https:\/\/www.teamwillgroup.com\/fr\/mentions-legales\/","url":"https:\/\/www.teamwillgroup.com\/fr\/mentions-legales\/","name":"Mentions l\u00e9gales - Teamwill","isPartOf":{"@id":"https:\/\/www.teamwillgroup.com\/fr\/#website"},"datePublished":"2022-06-01T07:10:07+00:00","dateModified":"2023-11-02T10:40:19+00:00","breadcrumb":{"@id":"https:\/\/www.teamwillgroup.com\/fr\/mentions-legales\/#breadcrumb"},"inLanguage":"fr-FR","potentialAction":[{"@type":"ReadAction","target":["https:\/\/www.teamwillgroup.com\/fr\/mentions-legales\/"]}]},{"@type":"BreadcrumbList","@id":"https:\/\/www.teamwillgroup.com\/fr\/mentions-legales\/#breadcrumb","itemListElement":[{"@type":"ListItem","position":1,"name":"Accueil","item":"https:\/\/www.teamwillgroup.com\/fr\/"},{"@type":"ListItem","position":2,"name":"Mentions l\u00e9gales"}]},{"@type":"WebSite","@id":"https:\/\/www.teamwillgroup.com\/fr\/#website","url":"https:\/\/www.teamwillgroup.com\/fr\/","name":"Teamwill","description":"Leading credit &amp;  Asset Finance Services","publisher":{"@id":"https:\/\/www.teamwillgroup.com\/fr\/#organization"},"potentialAction":[{"@type":"SearchAction","target":{"@type":"EntryPoint","urlTemplate":"https:\/\/www.teamwillgroup.com\/fr\/?s={search_term_string}"},"query-input":{"@type":"PropertyValueSpecification","valueRequired":true,"valueName":"search_term_string"}}],"inLanguage":"fr-FR"},{"@type":"Organization","@id":"https:\/\/www.teamwillgroup.com\/fr\/#organization","name":"Teamwill","url":"https:\/\/www.teamwillgroup.com\/fr\/","logo":{"@type":"ImageObject","inLanguage":"fr-FR","@id":"https:\/\/www.teamwillgroup.com\/fr\/#\/schema\/logo\/image\/","url":"https:\/\/www.teamwillgroup.com\/wp-content\/uploads\/2022\/05\/teamwill.png","contentUrl":"https:\/\/www.teamwillgroup.com\/wp-content\/uploads\/2022\/05\/teamwill.png","width":239,"height":60,"caption":"Teamwill"},"image":{"@id":"https:\/\/www.teamwillgroup.com\/fr\/#\/schema\/logo\/image\/"},"sameAs":["https:\/\/www.linkedin.com\/company\/teamwill"]}]}},"_links":{"self":[{"href":"https:\/\/www.teamwillgroup.com\/fr\/wp-json\/wp\/v2\/pages\/88","targetHints":{"allow":["GET"]}}],"collection":[{"href":"https:\/\/www.teamwillgroup.com\/fr\/wp-json\/wp\/v2\/pages"}],"about":[{"href":"https:\/\/www.teamwillgroup.com\/fr\/wp-json\/wp\/v2\/types\/page"}],"author":[{"embeddable":true,"href":"https:\/\/www.teamwillgroup.com\/fr\/wp-json\/wp\/v2\/users\/1"}],"replies":[{"embeddable":true,"href":"https:\/\/www.teamwillgroup.com\/fr\/wp-json\/wp\/v2\/comments?post=88"}],"version-history":[{"count":5,"href":"https:\/\/www.teamwillgroup.com\/fr\/wp-json\/wp\/v2\/pages\/88\/revisions"}],"predecessor-version":[{"id":11004,"href":"https:\/\/www.teamwillgroup.com\/fr\/wp-json\/wp\/v2\/pages\/88\/revisions\/11004"}],"wp:attachment":[{"href":"https:\/\/www.teamwillgroup.com\/fr\/wp-json\/wp\/v2\/media?parent=88"}],"curies":[{"name":"wp","href":"https:\/\/api.w.org\/{rel}","templated":true}]}}