{"id":265,"date":"2022-06-01T17:55:32","date_gmt":"2022-06-01T15:55:32","guid":{"rendered":"https:\/\/www.teamwillgroup.com\/?page_id=265"},"modified":"2024-04-22T11:50:58","modified_gmt":"2024-04-22T09:50:58","slug":"filiales","status":"publish","type":"page","link":"https:\/\/www.teamwillgroup.com\/fr\/filiales\/","title":{"rendered":"Filiales"},"content":{"rendered":"<p><div class=\"fusion-fullwidth fullwidth-box fusion-builder-row-1 fusion-flex-container nonhundred-percent-fullwidth non-hundred-percent-height-scrolling\" style=\"background-color: rgba(255,255,255,0);background-position: center center;background-repeat: no-repeat;border-width: 0px 0px 0px 0px;border-color:var(--awb-color3);border-style:solid;\" ><div class=\"fusion-builder-row fusion-row fusion-flex-align-items-flex-start\" style=\"max-width:1289.6px;margin-left: calc(-4% \/ 2 );margin-right: calc(-4% \/ 2 );\"><div class=\"fusion-layout-column fusion_builder_column fusion-builder-column-0 fusion_builder_column_1_1 1_1 fusion-flex-column\"><div class=\"fusion-column-wrapper fusion-flex-justify-content-flex-start fusion-content-layout-column\" style=\"background-position:left top;background-repeat:no-repeat;-webkit-background-size:cover;-moz-background-size:cover;-o-background-size:cover;background-size:cover;padding: 0px 0px 0px 0px;\"><div class=\"fusion-text fusion-text-1 fusion-text-no-margin\" style=\"text-align:center;font-size:18px;letter-spacing:1px;text-transform:uppercase;font-family:&quot;Montserrat&quot;;font-weight:600;margin-bottom:15px;\"><p>Un groupe agile, une dimension internationale<\/p>\n<\/div><style type=\"text\/css\">@media only screen and (max-width:1024px) {.fusion-title.fusion-title-1{margin-top:10px!important; margin-right:0px!important;margin-bottom:25px!important;margin-left:0px!important;}}@media only screen and (max-width:640px) {.fusion-title.fusion-title-1{margin-top:10px!important; margin-right:0px!important;margin-bottom:10px!important; margin-left:0px!important;}}<\/style><div class=\"fusion-title title fusion-title-1 fusion-sep-none fusion-title-center fusion-title-text fusion-title-size-two\" style=\"font-size:48px;margin-top:10px;margin-right:0px;margin-bottom:25px;margin-left:0px;\"><h2 class=\"title-heading-center fusion-responsive-typography-calculated\" style=\"font-family:&quot;Montserrat&quot;;font-weight:600;margin:0;font-size:1em;--fontSize:48;line-height:var(--awb-typography1-line-height);\">Retrouvez nos experts parmi nos 11 entit\u00e9s<\/h2><\/div>\r\n            \r\n            \r\n            \r\n            <a name='map1'><\/a>\r\n            \r\n            \r\n            \r\n            \r\n            <div class=\"wpgmza_map \"  id=\"wpgmza_map_1\" style=\"display:block; overflow:auto; width:100%; height:700px; float:left;\" data-settings='{\"id\":\"1\",\"map_title\":\"carte filiales\",\"map_width\":\"100\",\"map_height\":\"700\",\"map_start_lat\":\"0\",\"map_start_lng\":\"2.2567\",\"map_start_location\":\"45.950464398418106,-109.81550500000003\",\"map_start_zoom\":\"1\",\"default_marker\":\"\\\/\\\/www.teamwillgroup.com\\\/wp-content\\\/uploads\\\/2022\\\/06\\\/marker.png\",\"type\":\"0\",\"alignment\":\"4\",\"directions_enabled\":\"0\",\"styling_enabled\":\"0\",\"styling_json\":\"\",\"active\":\"0\",\"kml\":\"\",\"bicycle\":\"0\",\"traffic\":\"0\",\"dbox\":\"1\",\"dbox_width\":\"\",\"listmarkers\":\"0\",\"listmarkers_advanced\":\"0\",\"filterbycat\":\"0\",\"ugm_enabled\":\"0\",\"ugm_category_enabled\":\"0\",\"fusion\":\"\",\"map_width_type\":\"%\",\"map_height_type\":\"px\",\"mass_marker_support\":\"0\",\"ugm_access\":\"0\",\"order_markers_by\":\"1\",\"order_markers_choice\":\"1\",\"show_user_location\":\"0\",\"default_to\":\"\",\"other_settings\":{\"shortcodeAttributes\":{\"id\":\"1\"},\"transport_layer\":null}}' data-map-id='1' data-shortcode-attributes='{\"id\":\"1\"}'> <\/div>\r\n            \r\n               \r\n        <\/div><style type=\"text\/css\">.fusion-body .fusion-builder-column-0{width:100% !important;margin-top : 0px;margin-bottom : 20px;}.fusion-builder-column-0 > .fusion-column-wrapper {padding-top : 0px !important;padding-right : 0px !important;margin-right : 1.92%;padding-bottom : 0px !important;padding-left : 0px !important;margin-left : 1.92%;}@media only screen and (max-width:1024px) {.fusion-body .fusion-builder-column-0{width:100% !important;order : 0;}.fusion-builder-column-0 > .fusion-column-wrapper {margin-right : 1.92%;margin-left : 1.92%;}}@media only screen and (max-width:640px) {.fusion-body .fusion-builder-column-0{width:100% !important;order : 0;}.fusion-builder-column-0 > .fusion-column-wrapper {margin-right : 1.92%;margin-left : 1.92%;}}<\/style><\/div><\/div><style type=\"text\/css\">.fusion-body .fusion-flex-container.fusion-builder-row-1{ padding-top : 0px;margin-top : 0px;padding-right : 0px;padding-bottom : 0px;margin-bottom : 0px;padding-left : 0px;}<\/style><\/div><div class=\"fusion-fullwidth fullwidth-box fusion-builder-row-2 fusion-flex-container nonhundred-percent-fullwidth non-hundred-percent-height-scrolling fusion-animated\" style=\"background-color: rgba(255,255,255,0);background-position: center center;background-repeat: no-repeat;border-width: 0px 0px 0px 0px;border-color:var(--awb-color3);border-style:solid;\" data-animationType=\"fadeInUp\" data-animationDuration=\"1.0\" data-animationOffset=\"top-into-view\" ><div class=\"fusion-builder-row fusion-row fusion-flex-align-items-stretch fusion-flex-justify-content-center\" style=\"max-width:1289.6px;margin-left: calc(-4% \/ 2 );margin-right: calc(-4% \/ 2 );\"><div class=\"fusion-layout-column fusion_builder_column fusion-builder-column-1 fusion_builder_column_3_5 3_5 fusion-flex-column fusion-flex-align-self-stretch fusion-animated\" data-animationType=\"fadeInRight\" data-animationDuration=\"1.0\" data-animationOffset=\"top-into-view\"><div class=\"fusion-column-wrapper fusion-flex-justify-content-center fusion-content-layout-column\" style=\"background-position:left top;background-repeat:no-repeat;-webkit-background-size:cover;-moz-background-size:cover;-o-background-size:cover;background-size:cover;padding: 0px 0px 0px 0px;\"><div class=\"fusion-text fusion-text-2 fusion-text-no-margin bulletleft\" style=\"font-size:18px;letter-spacing:1px;text-transform:uppercase;font-family:&quot;Montserrat&quot;;font-weight:600;margin-bottom:15px;\"><p>Accompagner le changement<\/p>\n<\/div><style type=\"text\/css\">@media only screen and (max-width:1024px) {.fusion-title.fusion-title-2{margin-top:10px!important; margin-right:0px!important;margin-bottom:25px!important;margin-left:0px!important;}}@media only screen and (max-width:640px) {.fusion-title.fusion-title-2{margin-top:10px!important; margin-right:0px!important;margin-bottom:10px!important; margin-left:0px!important;}}<\/style><div class=\"fusion-title title fusion-title-2 fusion-sep-none fusion-title-text fusion-title-size-two\" style=\"font-size:48px;margin-top:10px;margin-right:0px;margin-bottom:25px;margin-left:0px;\"><h2 class=\"title-heading-left fusion-responsive-typography-calculated\" style=\"font-family:&quot;Montserrat&quot;;font-weight:600;margin:0;font-size:1em;--fontSize:48;line-height:var(--awb-typography1-line-height);\">Nos ambitions de d\u00e9veloppement<\/h2><\/div><div class=\"fusion-text fusion-text-3\" style=\"font-family:var(--awb-typography4-font-family);font-weight:var(--awb-typography4-font-weight);font-style:var(--awb-typography4-font-style);\"><p>Chez Teamwill, nous sommes anim\u00e9s par une m\u00eame ambition : <i>Apporter du changement dans le secteur du <\/i><i>cr\u00e9dit et des financements sp\u00e9cialis\u00e9s. <\/i><\/p>\n<p>Gr\u00e2ce \u00e0 nos 800 experts en financement et leasing, pr\u00e9sents \u00e0 travers le monde, nous avons pour objectif de relever le challenge d\u2019\u00eatre leader en Europe et acteur de r\u00e9f\u00e9rence sur la zone MEA.<\/p>\n<p>Gr\u00e2ce \u00e0 notre offre de services compl\u00e8te, allant du conseil, l\u2019int\u00e9gration de progiciels, les Services Manag\u00e9s (TMA\/MCO) et les solutions digitales ; nous garantissons \u00e0 nos clients et partenaires un accompagnement holistique sur tous leurs projets de transformation digitale et des solutions sur mesure adapt\u00e9es \u00e0 leurs besoins.<\/p>\n<\/div><\/div><style type=\"text\/css\">.fusion-body .fusion-builder-column-1{width:60% !important;margin-top : 0px;margin-bottom : 20px;}.fusion-builder-column-1 > .fusion-column-wrapper {padding-top : 0px !important;padding-right : 0px !important;margin-right : 3.2%;padding-bottom : 0px !important;padding-left : 0px !important;margin-left : 3.2%;}@media only screen and (max-width:1024px) {.fusion-body .fusion-builder-column-1{width:60% !important;order : 0;}.fusion-builder-column-1 > .fusion-column-wrapper {margin-right : 3.2%;margin-left : 3.2%;}}@media only screen and (max-width:640px) {.fusion-body .fusion-builder-column-1{width:100% !important;order : 0;}.fusion-builder-column-1 > .fusion-column-wrapper {margin-right : 1.92%;margin-left : 1.92%;}}<\/style><\/div><div class=\"fusion-layout-column fusion_builder_column fusion-builder-column-2 fusion_builder_column_2_5 2_5 fusion-flex-column fusion-flex-align-self-stretch fusion-animated\" data-animationType=\"fadeInLeft\" data-animationDuration=\"1.0\" data-animationOffset=\"top-into-view\"><div class=\"fusion-column-wrapper fusion-flex-justify-content-center fusion-content-layout-column\" style=\"background-position:left top;background-repeat:no-repeat;-webkit-background-size:cover;-moz-background-size:cover;-o-background-size:cover;background-size:cover;padding: 0px 0px 0px 0px;\"><div ><span class=\" fusion-imageframe imageframe-none imageframe-1 hover-type-none\"><img fetchpriority=\"high\" decoding=\"async\" fetchpriority=\"high\" width=\"1900\" height=\"1267\" title=\"Silhouette of a person standing on the top of a hill under the beautiful colorful sky in the morning\" src=\"https:\/\/www.teamwillgroup.com\/wp-content\/uploads\/2022\/07\/silhouette-of-person-standing-on-the-top-of-hill-under-the-beautiful-colorful-sky-in-the-morning-scaled.jpg\" alt class=\"img-responsive wp-image-1710\" srcset=\"https:\/\/www.teamwillgroup.com\/wp-content\/uploads\/2022\/07\/silhouette-of-person-standing-on-the-top-of-hill-under-the-beautiful-colorful-sky-in-the-morning-200x133.jpg 200w, https:\/\/www.teamwillgroup.com\/wp-content\/uploads\/2022\/07\/silhouette-of-person-standing-on-the-top-of-hill-under-the-beautiful-colorful-sky-in-the-morning-400x267.jpg 400w, https:\/\/www.teamwillgroup.com\/wp-content\/uploads\/2022\/07\/silhouette-of-person-standing-on-the-top-of-hill-under-the-beautiful-colorful-sky-in-the-morning-600x400.jpg 600w, https:\/\/www.teamwillgroup.com\/wp-content\/uploads\/2022\/07\/silhouette-of-person-standing-on-the-top-of-hill-under-the-beautiful-colorful-sky-in-the-morning-800x533.jpg 800w, https:\/\/www.teamwillgroup.com\/wp-content\/uploads\/2022\/07\/silhouette-of-person-standing-on-the-top-of-hill-under-the-beautiful-colorful-sky-in-the-morning-1200x800.jpg 1200w, https:\/\/www.teamwillgroup.com\/wp-content\/uploads\/2022\/07\/silhouette-of-person-standing-on-the-top-of-hill-under-the-beautiful-colorful-sky-in-the-morning-scaled.jpg 1900w\" sizes=\"(max-width: 640px) 100vw, 600px\" \/><\/span><\/div><\/div><style type=\"text\/css\">.fusion-body .fusion-builder-column-2{width:40% !important;margin-top : 0px;margin-bottom : 0px;}.fusion-builder-column-2 > .fusion-column-wrapper {padding-top : 0px !important;padding-right : 0px !important;margin-right : 4.8%;padding-bottom : 0px !important;padding-left : 0px !important;margin-left : 4.8%;}@media only screen and (max-width:1024px) {.fusion-body .fusion-builder-column-2{width:40% !important;order : 0;}.fusion-builder-column-2 > .fusion-column-wrapper {margin-right : 4.8%;margin-left : 4.8%;}}@media only screen and (max-width:640px) {.fusion-body .fusion-builder-column-2{width:100% !important;order : 0;margin-top : 20px;margin-bottom : 20px;}.fusion-builder-column-2 > .fusion-column-wrapper {margin-right : 1.92%;margin-left : 1.92%;}}<\/style><\/div><\/div><style type=\"text\/css\">.fusion-body .fusion-flex-container.fusion-builder-row-2{ padding-top : 60px;margin-top : 0px;padding-right : 0px;padding-bottom : 80px;margin-bottom : 0;padding-left : 0px;}@media only screen and (max-width:640px) {.fusion-body .fusion-flex-container.fusion-builder-row-2{ padding-bottom : 0;margin-bottom : 20px;}}<\/style><\/div><\/p>\n","protected":false},"excerpt":{"rendered":"","protected":false},"author":1,"featured_media":0,"parent":0,"menu_order":0,"comment_status":"closed","ping_status":"closed","template":"","meta":{"footnotes":""},"class_list":["post-265","page","type-page","status-publish","hentry"],"yoast_head":"<!-- This site is optimized with the Yoast SEO plugin v27.5 - https:\/\/yoast.com\/product\/yoast-seo-wordpress\/ -->\n<title>Filiales - Teamwill<\/title>\n<meta name=\"description\" content=\"Gr\u00e2ce \u00e0 nos 600 experts en financement et leasing, pr\u00e9sents dans 10 pays, nous avons pour objectif de r\u00e9pondre aux challenges de nos clients.\" \/>\n<meta name=\"robots\" content=\"index, follow, max-snippet:-1, max-image-preview:large, max-video-preview:-1\" \/>\n<link rel=\"canonical\" href=\"https:\/\/www.teamwillgroup.com\/fr\/filiales\/\" \/>\n<meta property=\"og:locale\" content=\"fr_FR\" \/>\n<meta property=\"og:type\" content=\"article\" \/>\n<meta property=\"og:title\" content=\"Filiales - Teamwill\" \/>\n<meta property=\"og:description\" content=\"Gr\u00e2ce \u00e0 nos 600 experts en financement et leasing, pr\u00e9sents dans 10 pays, nous avons pour objectif de r\u00e9pondre aux challenges de nos clients.\" \/>\n<meta property=\"og:url\" content=\"https:\/\/www.teamwillgroup.com\/fr\/filiales\/\" \/>\n<meta property=\"og:site_name\" content=\"Teamwill\" \/>\n<meta property=\"article:modified_time\" content=\"2024-04-22T09:50:58+00:00\" \/>\n<meta name=\"twitter:card\" content=\"summary_large_image\" \/>\n<meta name=\"twitter:label1\" content=\"Dur\u00e9e de lecture estim\u00e9e\" \/>\n\t<meta name=\"twitter:data1\" content=\"6 minutes\" \/>\n<script type=\"application\/ld+json\" class=\"yoast-schema-graph\">{\"@context\":\"https:\\\/\\\/schema.org\",\"@graph\":[{\"@type\":\"WebPage\",\"@id\":\"https:\\\/\\\/www.teamwillgroup.com\\\/fr\\\/filiales\\\/\",\"url\":\"https:\\\/\\\/www.teamwillgroup.com\\\/fr\\\/filiales\\\/\",\"name\":\"Filiales - Teamwill\",\"isPartOf\":{\"@id\":\"https:\\\/\\\/www.teamwillgroup.com\\\/fr\\\/#website\"},\"datePublished\":\"2022-06-01T15:55:32+00:00\",\"dateModified\":\"2024-04-22T09:50:58+00:00\",\"description\":\"Gr\u00e2ce \u00e0 nos 600 experts en financement et leasing, pr\u00e9sents dans 10 pays, nous avons pour objectif de r\u00e9pondre aux challenges de nos clients.\",\"breadcrumb\":{\"@id\":\"https:\\\/\\\/www.teamwillgroup.com\\\/fr\\\/filiales\\\/#breadcrumb\"},\"inLanguage\":\"fr-FR\",\"potentialAction\":[{\"@type\":\"ReadAction\",\"target\":[\"https:\\\/\\\/www.teamwillgroup.com\\\/fr\\\/filiales\\\/\"]}]},{\"@type\":\"BreadcrumbList\",\"@id\":\"https:\\\/\\\/www.teamwillgroup.com\\\/fr\\\/filiales\\\/#breadcrumb\",\"itemListElement\":[{\"@type\":\"ListItem\",\"position\":1,\"name\":\"Accueil\",\"item\":\"https:\\\/\\\/www.teamwillgroup.com\\\/fr\\\/\"},{\"@type\":\"ListItem\",\"position\":2,\"name\":\"Filiales\"}]},{\"@type\":\"WebSite\",\"@id\":\"https:\\\/\\\/www.teamwillgroup.com\\\/fr\\\/#website\",\"url\":\"https:\\\/\\\/www.teamwillgroup.com\\\/fr\\\/\",\"name\":\"Teamwill\",\"description\":\"Leading credit &amp;  Asset Finance Services\",\"publisher\":{\"@id\":\"https:\\\/\\\/www.teamwillgroup.com\\\/fr\\\/#organization\"},\"potentialAction\":[{\"@type\":\"SearchAction\",\"target\":{\"@type\":\"EntryPoint\",\"urlTemplate\":\"https:\\\/\\\/www.teamwillgroup.com\\\/fr\\\/?s={search_term_string}\"},\"query-input\":{\"@type\":\"PropertyValueSpecification\",\"valueRequired\":true,\"valueName\":\"search_term_string\"}}],\"inLanguage\":\"fr-FR\"},{\"@type\":\"Organization\",\"@id\":\"https:\\\/\\\/www.teamwillgroup.com\\\/fr\\\/#organization\",\"name\":\"Teamwill\",\"url\":\"https:\\\/\\\/www.teamwillgroup.com\\\/fr\\\/\",\"logo\":{\"@type\":\"ImageObject\",\"inLanguage\":\"fr-FR\",\"@id\":\"https:\\\/\\\/www.teamwillgroup.com\\\/fr\\\/#\\\/schema\\\/logo\\\/image\\\/\",\"url\":\"https:\\\/\\\/www.teamwillgroup.com\\\/wp-content\\\/uploads\\\/2022\\\/05\\\/teamwill.png\",\"contentUrl\":\"https:\\\/\\\/www.teamwillgroup.com\\\/wp-content\\\/uploads\\\/2022\\\/05\\\/teamwill.png\",\"width\":239,\"height\":60,\"caption\":\"Teamwill\"},\"image\":{\"@id\":\"https:\\\/\\\/www.teamwillgroup.com\\\/fr\\\/#\\\/schema\\\/logo\\\/image\\\/\"},\"sameAs\":[\"https:\\\/\\\/www.linkedin.com\\\/company\\\/teamwill\"]}]}<\/script>\n<!-- \/ Yoast SEO plugin. -->","yoast_head_json":{"title":"Filiales - Teamwill","description":"Gr\u00e2ce \u00e0 nos 600 experts en financement et leasing, pr\u00e9sents dans 10 pays, nous avons pour objectif de r\u00e9pondre aux challenges de nos clients.","robots":{"index":"index","follow":"follow","max-snippet":"max-snippet:-1","max-image-preview":"max-image-preview:large","max-video-preview":"max-video-preview:-1"},"canonical":"https:\/\/www.teamwillgroup.com\/fr\/filiales\/","og_locale":"fr_FR","og_type":"article","og_title":"Filiales - Teamwill","og_description":"Gr\u00e2ce \u00e0 nos 600 experts en financement et leasing, pr\u00e9sents dans 10 pays, nous avons pour objectif de r\u00e9pondre aux challenges de nos clients.","og_url":"https:\/\/www.teamwillgroup.com\/fr\/filiales\/","og_site_name":"Teamwill","article_modified_time":"2024-04-22T09:50:58+00:00","twitter_card":"summary_large_image","twitter_misc":{"Dur\u00e9e de lecture estim\u00e9e":"6 minutes"},"schema":{"@context":"https:\/\/schema.org","@graph":[{"@type":"WebPage","@id":"https:\/\/www.teamwillgroup.com\/fr\/filiales\/","url":"https:\/\/www.teamwillgroup.com\/fr\/filiales\/","name":"Filiales - Teamwill","isPartOf":{"@id":"https:\/\/www.teamwillgroup.com\/fr\/#website"},"datePublished":"2022-06-01T15:55:32+00:00","dateModified":"2024-04-22T09:50:58+00:00","description":"Gr\u00e2ce \u00e0 nos 600 experts en financement et leasing, pr\u00e9sents dans 10 pays, nous avons pour objectif de r\u00e9pondre aux challenges de nos clients.","breadcrumb":{"@id":"https:\/\/www.teamwillgroup.com\/fr\/filiales\/#breadcrumb"},"inLanguage":"fr-FR","potentialAction":[{"@type":"ReadAction","target":["https:\/\/www.teamwillgroup.com\/fr\/filiales\/"]}]},{"@type":"BreadcrumbList","@id":"https:\/\/www.teamwillgroup.com\/fr\/filiales\/#breadcrumb","itemListElement":[{"@type":"ListItem","position":1,"name":"Accueil","item":"https:\/\/www.teamwillgroup.com\/fr\/"},{"@type":"ListItem","position":2,"name":"Filiales"}]},{"@type":"WebSite","@id":"https:\/\/www.teamwillgroup.com\/fr\/#website","url":"https:\/\/www.teamwillgroup.com\/fr\/","name":"Teamwill","description":"Leading credit &amp;  Asset Finance Services","publisher":{"@id":"https:\/\/www.teamwillgroup.com\/fr\/#organization"},"potentialAction":[{"@type":"SearchAction","target":{"@type":"EntryPoint","urlTemplate":"https:\/\/www.teamwillgroup.com\/fr\/?s={search_term_string}"},"query-input":{"@type":"PropertyValueSpecification","valueRequired":true,"valueName":"search_term_string"}}],"inLanguage":"fr-FR"},{"@type":"Organization","@id":"https:\/\/www.teamwillgroup.com\/fr\/#organization","name":"Teamwill","url":"https:\/\/www.teamwillgroup.com\/fr\/","logo":{"@type":"ImageObject","inLanguage":"fr-FR","@id":"https:\/\/www.teamwillgroup.com\/fr\/#\/schema\/logo\/image\/","url":"https:\/\/www.teamwillgroup.com\/wp-content\/uploads\/2022\/05\/teamwill.png","contentUrl":"https:\/\/www.teamwillgroup.com\/wp-content\/uploads\/2022\/05\/teamwill.png","width":239,"height":60,"caption":"Teamwill"},"image":{"@id":"https:\/\/www.teamwillgroup.com\/fr\/#\/schema\/logo\/image\/"},"sameAs":["https:\/\/www.linkedin.com\/company\/teamwill"]}]}},"_links":{"self":[{"href":"https:\/\/www.teamwillgroup.com\/fr\/wp-json\/wp\/v2\/pages\/265","targetHints":{"allow":["GET"]}}],"collection":[{"href":"https:\/\/www.teamwillgroup.com\/fr\/wp-json\/wp\/v2\/pages"}],"about":[{"href":"https:\/\/www.teamwillgroup.com\/fr\/wp-json\/wp\/v2\/types\/page"}],"author":[{"embeddable":true,"href":"https:\/\/www.teamwillgroup.com\/fr\/wp-json\/wp\/v2\/users\/1"}],"replies":[{"embeddable":true,"href":"https:\/\/www.teamwillgroup.com\/fr\/wp-json\/wp\/v2\/comments?post=265"}],"version-history":[{"count":6,"href":"https:\/\/www.teamwillgroup.com\/fr\/wp-json\/wp\/v2\/pages\/265\/revisions"}],"predecessor-version":[{"id":7904,"href":"https:\/\/www.teamwillgroup.com\/fr\/wp-json\/wp\/v2\/pages\/265\/revisions\/7904"}],"wp:attachment":[{"href":"https:\/\/www.teamwillgroup.com\/fr\/wp-json\/wp\/v2\/media?parent=265"}],"curies":[{"name":"wp","href":"https:\/\/api.w.org\/{rel}","templated":true}]}}