{"id":20,"date":"2022-05-31T16:56:06","date_gmt":"2022-05-31T14:56:06","guid":{"rendered":"https:\/\/www.teamwillgroup.com\/?page_id=20"},"modified":"2026-01-27T11:57:41","modified_gmt":"2026-01-27T10:57:41","slug":"expertise-teamwill","status":"publish","type":"page","link":"https:\/\/www.teamwillgroup.com\/fr\/expertise-teamwill\/","title":{"rendered":"Expertises"},"content":{"rendered":"<div class=\"fusion-fullwidth fullwidth-box fusion-builder-row-1 fusion-flex-container has-pattern-background has-mask-background fond1left nonhundred-percent-fullwidth non-hundred-percent-height-scrolling\" style=\"background-color: var(--awb-color8);background-position: center center;background-repeat: no-repeat;border-width: 0px 0px 0px 0px;border-color:var(--awb-color3);border-style:solid;\" ><div class=\"fusion-builder-row fusion-row fusion-flex-align-items-stretch\" style=\"max-width:1289.6px;margin-left: calc(-4% \/ 2 );margin-right: calc(-4% \/ 2 );\"><div class=\"fusion-layout-column fusion_builder_column fusion-builder-column-0 fusion_builder_column_1_1 1_1 fusion-flex-column\"><div class=\"fusion-column-wrapper fusion-flex-justify-content-flex-start fusion-content-layout-column\" style=\"background-position:left top;background-repeat:no-repeat;-webkit-background-size:cover;-moz-background-size:cover;-o-background-size:cover;background-size:cover;padding: 0px 0px 0px 0px;\"><div class=\"fusion-separator fusion-full-width-sep\" style=\"align-self: center;margin-left: auto;margin-right: auto;margin-top:20px;width:100%;\"><\/div><\/div><style type=\"text\/css\">.fusion-body .fusion-builder-column-0{width:100% !important;margin-top : 0px;margin-bottom : 20px;}.fusion-builder-column-0 > .fusion-column-wrapper {padding-top : 0px !important;padding-right : 0px !important;margin-right : 1.92%;padding-bottom : 0px !important;padding-left : 0px !important;margin-left : 1.92%;}@media only screen and (max-width:1024px) {.fusion-body .fusion-builder-column-0{width:100% !important;order : 0;}.fusion-builder-column-0 > .fusion-column-wrapper {margin-right : 1.92%;margin-left : 1.92%;}}@media only screen and (max-width:640px) {.fusion-body .fusion-builder-column-0{width:100% !important;order : 0;}.fusion-builder-column-0 > .fusion-column-wrapper {margin-right : 1.92%;margin-left : 1.92%;}}<\/style><\/div><div class=\"fusion-layout-column fusion_builder_column fusion-builder-column-1 fusion_builder_column_1_1 1_1 fusion-flex-column\"><div class=\"fusion-column-wrapper fusion-flex-justify-content-flex-start fusion-content-layout-column\" style=\"background-position:left top;background-repeat:no-repeat;-webkit-background-size:cover;-moz-background-size:cover;-o-background-size:cover;background-size:cover;padding: 0px 0px 0px 0px;\"><\/div><style type=\"text\/css\">.fusion-body .fusion-builder-column-1{width:100% !important;margin-top : 0px;margin-bottom : 20px;}.fusion-builder-column-1 > .fusion-column-wrapper {padding-top : 0px !important;padding-right : 0px !important;margin-right : 1.92%;padding-bottom : 0px !important;padding-left : 0px !important;margin-left : 1.92%;}@media only screen and (max-width:1024px) {.fusion-body .fusion-builder-column-1{width:100% !important;order : 0;}.fusion-builder-column-1 > .fusion-column-wrapper {margin-right : 1.92%;margin-left : 1.92%;}}@media only screen and (max-width:640px) {.fusion-body .fusion-builder-column-1{width:100% !important;order : 0;}.fusion-builder-column-1 > .fusion-column-wrapper {margin-right : 1.92%;margin-left : 1.92%;}}<\/style><\/div><div class=\"fusion-layout-column fusion_builder_column fusion-builder-column-2 fusion_builder_column_1_3 1_3 fusion-flex-column fusion-column-inner-bg-wrapper fusion-column-hover-type-liftup fusion-column-liftup-border fusion-animated\" data-animationType=\"fadeInUp\" data-animationDuration=\"1.0\" data-animationOffset=\"top-into-view\"><div class=\"fusion-column-wrapper fusion-flex-justify-content-flex-start fusion-content-layout-column fusion-empty-dims-bg-image\" style=\"padding: 220px 40px 40px 40px;\" data-bg-url=\"https:\/\/www.teamwillgroup.com\/wp-content\/uploads\/2022\/07\/conseil-team-will-1-1024x653.jpg\"><style type=\"text\/css\">@media only screen and (max-width:1024px) {.fusion-title.fusion-title-1{margin-top:10px!important; margin-right:0px!important;margin-bottom:25px!important;margin-left:0px!important;}}@media only screen and (max-width:640px) {.fusion-title.fusion-title-1{margin-top:10px!important; margin-right:0px!important;margin-bottom:10px!important; margin-left:0px!important;}}.fusion-title.fusion-title-text.fusion-title-1 a{color:var(--awb-color1)}.fusion-title.fusion-title-text.fusion-title-1 a:hover{color:var(--awb-color1)}<\/style><div class=\"fusion-title title fusion-title-1 fusion-sep-none fusion-title-text fusion-title-size-three\" style=\"font-size:28px;margin-top:10px;margin-right:0px;margin-bottom:25px;margin-left:0px;\"><h3 class=\"title-heading-left fusion-responsive-typography-calculated\" style=\"font-family:&quot;Montserrat&quot;;font-weight:800;margin:0;font-size:1em;color:var(--awb-color1);--fontSize:28;line-height:var(--awb-typography1-line-height);\"><a class=\"awb-custom-text-color awb-custom-text-hover-color\" target=\"_self\">Consulting<\/a><\/h3><\/div><div ><style>.fusion-body .fusion-button.button-1{border-color:var(--awb-color1);border-radius:50px 50px 50px 50px;background:rgba(226,226,226,0);background-image:linear-gradient(180deg,rgba(226,226,226,0) 0%,rgba(183,183,183,0) 100%);}.fusion-body .fusion-button.button-1 .fusion-button-text,.fusion-body .fusion-button.button-1 i,.fusion-body .fusion-button.button-1:hover .fusion-button-text,.fusion-body .fusion-button.button-1:hover i,.fusion-body .fusion-button.button-1:focus .fusion-button-text,.fusion-body .fusion-button.button-1:focus i,.fusion-body .fusion-button.button-1:active .fusion-button-text,.fusion-body .fusion-button.button-1:active i{color:var(--awb-color1);}.fusion-body .fusion-button.button-1:hover,.fusion-body .fusion-button.button-1:active,.fusion-body .fusion-button.button-1:focus{border-color:var(--awb-color1);background:rgba(175,175,175,0);background-image:linear-gradient(180deg,rgba(175,175,175,0) 0%,rgba(204,204,204,0) 100%);}<\/style><a class=\"fusion-button button-flat fusion-button-default-size button-custom button-1 fusion-button-default-span fusion-button-default-type btblancvert\" target=\"_self\"><i class=\"fa-arrow-right fas button-icon-left\" aria-hidden=\"true\"><\/i><span class=\"fusion-button-text\">Consulting<\/span><\/a><\/div><\/div><span class=\"fusion-column-inner-bg hover-type-liftup\"><a class=\"fusion-column-anchor\" href=\"https:\/\/www.teamwillgroup.com\/fr\/consulting\/\"><span class=\"fusion-column-inner-bg-image\" style=\"background-color:rgba(30,30,30,0.2);background-image: url(&#039;https:\/\/www.teamwillgroup.com\/wp-content\/uploads\/2022\/07\/conseil-team-will-1-1024x653.jpg&#039;);background-image: linear-gradient(180deg, rgba(0,0,0,0) 0%,rgba(0,0,0,0.7) 100%),url(https:\/\/www.teamwillgroup.com\/wp-content\/uploads\/2022\/07\/conseil-team-will-1-1024x653.jpg);background-position:left top;background-blend-mode: overlay;background-repeat:no-repeat;-webkit-background-size:cover;-moz-background-size:cover;-o-background-size:cover;background-size:cover;\"><\/span><\/a><\/span><style type=\"text\/css\">.fusion-body .fusion-builder-column-2{width:33.333333333333% !important;margin-top : -50px;margin-bottom : 20px;}.fusion-builder-column-2 > .fusion-column-wrapper {padding-top : 220px !important;padding-right : 40px !important;margin-right : 0;padding-bottom : 40px !important;padding-left : 40px !important;margin-left : 10px;}.fusion-flex-container .fusion-row .fusion-builder-column-2 > .fusion-column-inner-bg { margin-right:0;margin-left:10px; }@media only screen and (max-width:1024px) {.fusion-body .fusion-builder-column-2{width:33.333333333333% !important;order : 0;}.fusion-builder-column-2 > .fusion-column-wrapper {margin-right : 0;margin-left : 10px;}.fusion-flex-container .fusion-row .fusion-builder-column-2 > .fusion-column-inner-bg { margin-right:0;margin-left:10px; }}@media only screen and (min-width:1024px) {.fusion-body .fusion-builder-column-2 .fusion-empty-dims-img-placeholder { display: none; } }@media only screen and (max-width:640px) {.fusion-body .fusion-builder-column-2{width:100% !important;order : 0;margin-top : 0;}.fusion-builder-column-2 > .fusion-column-wrapper {margin-right : 0;margin-left : 0;}.fusion-flex-container .fusion-row .fusion-builder-column-2 > .fusion-column-inner-bg { margin-right:0;margin-left:0; }}<\/style><\/div><div class=\"fusion-layout-column fusion_builder_column fusion-builder-column-3 fusion_builder_column_1_3 1_3 fusion-flex-column fusion-column-inner-bg-wrapper fusion-column-hover-type-liftup fusion-column-liftup-border fusion-animated\" data-animationType=\"fadeInUp\" data-animationDuration=\"1.0\" data-animationOffset=\"top-into-view\"><div class=\"fusion-column-wrapper fusion-flex-justify-content-flex-start fusion-content-layout-column\" style=\"padding: 220px 40px 40px 40px;\" data-bg-url=\"https:\/\/www.teamwillgroup.com\/wp-content\/uploads\/2022\/07\/technology-scaled.jpg\"><style type=\"text\/css\">@media only screen and (max-width:1024px) {.fusion-title.fusion-title-2{margin-top:10px!important; margin-right:0px!important;margin-bottom:25px!important;margin-left:0px!important;}}@media only screen and (max-width:640px) {.fusion-title.fusion-title-2{margin-top:10px!important; margin-right:0px!important;margin-bottom:10px!important; margin-left:0px!important;}}<\/style><div class=\"fusion-title title fusion-title-2 fusion-sep-none fusion-title-text fusion-title-size-three\" style=\"font-size:28px;margin-top:10px;margin-right:0px;margin-bottom:25px;margin-left:0px;\"><h3 class=\"title-heading-left fusion-responsive-typography-calculated\" style=\"font-family:&quot;Montserrat&quot;;font-weight:800;margin:0;font-size:1em;color:var(--awb-color1);--fontSize:28;line-height:var(--awb-typography1-line-height);\">Technology<\/h3><\/div><div ><style>.fusion-body .fusion-button.button-2{border-color:var(--awb-color1);border-radius:50px 50px 50px 50px;background:rgba(226,226,226,0);background-image:linear-gradient(180deg,rgba(226,226,226,0) 0%,rgba(183,183,183,0) 100%);}.fusion-body .fusion-button.button-2 .fusion-button-text,.fusion-body .fusion-button.button-2 i,.fusion-body .fusion-button.button-2:hover .fusion-button-text,.fusion-body .fusion-button.button-2:hover i,.fusion-body .fusion-button.button-2:focus .fusion-button-text,.fusion-body .fusion-button.button-2:focus i,.fusion-body .fusion-button.button-2:active .fusion-button-text,.fusion-body .fusion-button.button-2:active i{color:var(--awb-color1);}.fusion-body .fusion-button.button-2:hover,.fusion-body .fusion-button.button-2:active,.fusion-body .fusion-button.button-2:focus{border-color:var(--awb-color1);background:rgba(175,175,175,0);background-image:linear-gradient(180deg,rgba(175,175,175,0) 0%,rgba(204,204,204,0) 100%);}<\/style><a class=\"fusion-button button-flat fusion-button-default-size button-custom button-2 fusion-button-default-span fusion-button-default-type btblancvert\" target=\"_self\"><i class=\"fa-arrow-right fas button-icon-left\" aria-hidden=\"true\"><\/i><span class=\"fusion-button-text\">Technology<\/span><\/a><\/div><\/div><span class=\"fusion-column-inner-bg hover-type-liftup\"><a class=\"fusion-column-anchor\" href=\"https:\/\/www.teamwillgroup.com\/fr\/expertise-teamwill\/progiciel-leasing\/\"><span class=\"fusion-column-inner-bg-image\" style=\"background-color:rgba(30,30,30,0.2);background-image: url(&#039;https:\/\/www.teamwillgroup.com\/wp-content\/uploads\/2022\/07\/technology-scaled.jpg&#039;);background-image: linear-gradient(180deg, rgba(0,0,0,0) 0%,rgba(0,0,0,0.7) 100%),url(https:\/\/www.teamwillgroup.com\/wp-content\/uploads\/2022\/07\/technology-scaled.jpg);background-position:left top;background-blend-mode: overlay;background-repeat:no-repeat;-webkit-background-size:cover;-moz-background-size:cover;-o-background-size:cover;background-size:cover;\"><\/span><\/a><\/span><style type=\"text\/css\">.fusion-body .fusion-builder-column-3{width:33.333333333333% !important;margin-top : -50px;margin-bottom : 20px;}.fusion-builder-column-3 > .fusion-column-wrapper {padding-top : 220px !important;padding-right : 40px !important;margin-right : 0;padding-bottom : 40px !important;padding-left : 40px !important;margin-left : 10px;}.fusion-flex-container .fusion-row .fusion-builder-column-3 > .fusion-column-inner-bg { margin-right:0;margin-left:10px; }@media only screen and (max-width:1024px) {.fusion-body .fusion-builder-column-3{width:33.333333333333% !important;order : 0;}.fusion-builder-column-3 > .fusion-column-wrapper {margin-right : 0;margin-left : 10px;}.fusion-flex-container .fusion-row .fusion-builder-column-3 > .fusion-column-inner-bg { margin-right:0;margin-left:10px; }}@media only screen and (max-width:640px) {.fusion-body .fusion-builder-column-3{width:100% !important;order : 0;margin-top : 0;}.fusion-builder-column-3 > .fusion-column-wrapper {margin-right : 0;margin-left : 0;}.fusion-flex-container .fusion-row .fusion-builder-column-3 > .fusion-column-inner-bg { margin-right:0;margin-left:0; }}<\/style><\/div><div class=\"fusion-layout-column fusion_builder_column fusion-builder-column-4 fusion_builder_column_1_3 1_3 fusion-flex-column fusion-column-inner-bg-wrapper fusion-column-hover-type-liftup fusion-column-liftup-border fusion-animated\" data-animationType=\"fadeInUp\" data-animationDuration=\"1.0\" data-animationOffset=\"top-into-view\"><div class=\"fusion-column-wrapper fusion-flex-justify-content-flex-start fusion-content-layout-column\" style=\"padding: 220px 40px 40px 40px;\" data-bg-url=\"https:\/\/www.teamwillgroup.com\/wp-content\/uploads\/2022\/07\/managed-services-1.jpg\"><style type=\"text\/css\">@media only screen and (max-width:1024px) {.fusion-title.fusion-title-3{margin-top:10px!important; margin-right:0px!important;margin-bottom:25px!important;margin-left:0px!important;}}@media only screen and (max-width:640px) {.fusion-title.fusion-title-3{margin-top:10px!important; margin-right:0px!important;margin-bottom:10px!important; margin-left:0px!important;}}<\/style><div class=\"fusion-title title fusion-title-3 fusion-sep-none fusion-title-text fusion-title-size-three\" style=\"font-size:28px;margin-top:10px;margin-right:0px;margin-bottom:25px;margin-left:0px;\"><h3 class=\"title-heading-left fusion-responsive-typography-calculated\" style=\"font-family:&quot;Montserrat&quot;;font-weight:800;margin:0;font-size:1em;color:var(--awb-color1);--fontSize:28;line-height:var(--awb-typography1-line-height);\">Managed Services<\/h3><\/div><div ><style>.fusion-body .fusion-button.button-3{border-color:var(--awb-color1);border-radius:50px 50px 50px 50px;background:rgba(226,226,226,0);background-image:linear-gradient(180deg,rgba(226,226,226,0) 0%,rgba(183,183,183,0) 100%);}.fusion-body .fusion-button.button-3 .fusion-button-text,.fusion-body .fusion-button.button-3 i,.fusion-body .fusion-button.button-3:hover .fusion-button-text,.fusion-body .fusion-button.button-3:hover i,.fusion-body .fusion-button.button-3:focus .fusion-button-text,.fusion-body .fusion-button.button-3:focus i,.fusion-body .fusion-button.button-3:active .fusion-button-text,.fusion-body .fusion-button.button-3:active i{color:var(--awb-color1);}.fusion-body .fusion-button.button-3:hover,.fusion-body .fusion-button.button-3:active,.fusion-body .fusion-button.button-3:focus{border-color:var(--awb-color1);background:rgba(175,175,175,0);background-image:linear-gradient(180deg,rgba(175,175,175,0) 0%,rgba(204,204,204,0) 100%);}<\/style><a class=\"fusion-button button-flat fusion-button-default-size button-custom button-3 fusion-button-default-span fusion-button-default-type btblancvert\" target=\"_self\"><i class=\"fa-arrow-right fas button-icon-left\" aria-hidden=\"true\"><\/i><span class=\"fusion-button-text\">Managed Services<\/span><\/a><\/div><\/div><span class=\"fusion-column-inner-bg hover-type-liftup\"><a class=\"fusion-column-anchor\" href=\"https:\/\/www.teamwillgroup.com\/fr\/expertise-teamwill\/tma-tierce-maintenance-applicative\/\"><span class=\"fusion-column-inner-bg-image\" style=\"background-color:rgba(30,30,30,0.2);background-image: url(&#039;https:\/\/www.teamwillgroup.com\/wp-content\/uploads\/2022\/07\/managed-services-1.jpg&#039;);background-image: linear-gradient(180deg, rgba(0,0,0,0) 0%,rgba(0,0,0,0.7) 100%),url(https:\/\/www.teamwillgroup.com\/wp-content\/uploads\/2022\/07\/managed-services-1.jpg);background-position:left top;background-blend-mode: overlay;background-repeat:no-repeat;-webkit-background-size:cover;-moz-background-size:cover;-o-background-size:cover;background-size:cover;\"><\/span><\/a><\/span><style type=\"text\/css\">.fusion-body .fusion-builder-column-4{width:33.333333333333% !important;margin-top : -50px;margin-bottom : 20px;}.fusion-builder-column-4 > .fusion-column-wrapper {padding-top : 220px !important;padding-right : 40px !important;margin-right : 0;padding-bottom : 40px !important;padding-left : 40px !important;margin-left : 10px;}.fusion-flex-container .fusion-row .fusion-builder-column-4 > .fusion-column-inner-bg { margin-right:0;margin-left:10px; }@media only screen and (max-width:1024px) {.fusion-body .fusion-builder-column-4{width:33.333333333333% !important;order : 0;}.fusion-builder-column-4 > .fusion-column-wrapper {margin-right : 0;margin-left : 10px;}.fusion-flex-container .fusion-row .fusion-builder-column-4 > .fusion-column-inner-bg { margin-right:0;margin-left:10px; }}@media only screen and (max-width:640px) {.fusion-body .fusion-builder-column-4{width:100% !important;order : 0;margin-top : 0;}.fusion-builder-column-4 > .fusion-column-wrapper {margin-right : 0;margin-left : 0;}.fusion-flex-container .fusion-row .fusion-builder-column-4 > .fusion-column-inner-bg { margin-right:0;margin-left:0; }}<\/style><\/div><\/div><style type=\"text\/css\">.fusion-body .fusion-flex-container.fusion-builder-row-1{ padding-top : 0px;margin-top : 0px;padding-right : 0px;padding-bottom : 70px;margin-bottom : 70px;padding-left : 0px;}<\/style><\/div>\n","protected":false},"excerpt":{"rendered":"","protected":false},"author":1,"featured_media":0,"parent":0,"menu_order":0,"comment_status":"closed","ping_status":"closed","template":"100-width.php","meta":{"footnotes":""},"class_list":["post-20","page","type-page","status-publish","hentry"],"yoast_head":"<!-- This site is optimized with the Yoast SEO plugin v27.5 - https:\/\/yoast.com\/product\/yoast-seo-wordpress\/ -->\n<title>Expertises - Teamwill<\/title>\n<meta name=\"description\" content=\"Consulting IT dans les m\u00e9tiers du cr\u00e9dit, int\u00e9gration des progiciels, services manag\u00e9s et digitalisation sont nos principales expertises.\" \/>\n<meta name=\"robots\" content=\"index, follow, max-snippet:-1, max-image-preview:large, max-video-preview:-1\" \/>\n<link rel=\"canonical\" href=\"https:\/\/www.teamwillgroup.com\/fr\/expertise-teamwill\/\" \/>\n<meta property=\"og:locale\" content=\"fr_FR\" \/>\n<meta property=\"og:type\" content=\"article\" \/>\n<meta property=\"og:title\" content=\"Expertises - Teamwill\" \/>\n<meta property=\"og:description\" content=\"Consulting IT dans les m\u00e9tiers du cr\u00e9dit, int\u00e9gration des progiciels, services manag\u00e9s et digitalisation sont nos principales expertises.\" \/>\n<meta property=\"og:url\" content=\"https:\/\/www.teamwillgroup.com\/fr\/expertise-teamwill\/\" \/>\n<meta property=\"og:site_name\" content=\"Teamwill\" \/>\n<meta property=\"article:modified_time\" content=\"2026-01-27T10:57:41+00:00\" \/>\n<meta name=\"twitter:card\" content=\"summary_large_image\" \/>\n<meta name=\"twitter:label1\" content=\"Dur\u00e9e de lecture estim\u00e9e\" \/>\n\t<meta name=\"twitter:data1\" content=\"7 minutes\" \/>\n<script type=\"application\/ld+json\" class=\"yoast-schema-graph\">{\"@context\":\"https:\\\/\\\/schema.org\",\"@graph\":[{\"@type\":\"WebPage\",\"@id\":\"https:\\\/\\\/www.teamwillgroup.com\\\/fr\\\/expertise-teamwill\\\/\",\"url\":\"https:\\\/\\\/www.teamwillgroup.com\\\/fr\\\/expertise-teamwill\\\/\",\"name\":\"Expertises - Teamwill\",\"isPartOf\":{\"@id\":\"https:\\\/\\\/www.teamwillgroup.com\\\/fr\\\/#website\"},\"datePublished\":\"2022-05-31T14:56:06+00:00\",\"dateModified\":\"2026-01-27T10:57:41+00:00\",\"description\":\"Consulting IT dans les m\u00e9tiers du cr\u00e9dit, int\u00e9gration des progiciels, services manag\u00e9s et digitalisation sont nos principales expertises.\",\"breadcrumb\":{\"@id\":\"https:\\\/\\\/www.teamwillgroup.com\\\/fr\\\/expertise-teamwill\\\/#breadcrumb\"},\"inLanguage\":\"fr-FR\",\"potentialAction\":[{\"@type\":\"ReadAction\",\"target\":[\"https:\\\/\\\/www.teamwillgroup.com\\\/fr\\\/expertise-teamwill\\\/\"]}]},{\"@type\":\"BreadcrumbList\",\"@id\":\"https:\\\/\\\/www.teamwillgroup.com\\\/fr\\\/expertise-teamwill\\\/#breadcrumb\",\"itemListElement\":[{\"@type\":\"ListItem\",\"position\":1,\"name\":\"Accueil\",\"item\":\"https:\\\/\\\/www.teamwillgroup.com\\\/fr\\\/\"},{\"@type\":\"ListItem\",\"position\":2,\"name\":\"Expertises\"}]},{\"@type\":\"WebSite\",\"@id\":\"https:\\\/\\\/www.teamwillgroup.com\\\/fr\\\/#website\",\"url\":\"https:\\\/\\\/www.teamwillgroup.com\\\/fr\\\/\",\"name\":\"Teamwill\",\"description\":\"Leading credit &amp;  Asset Finance Services\",\"publisher\":{\"@id\":\"https:\\\/\\\/www.teamwillgroup.com\\\/fr\\\/#organization\"},\"potentialAction\":[{\"@type\":\"SearchAction\",\"target\":{\"@type\":\"EntryPoint\",\"urlTemplate\":\"https:\\\/\\\/www.teamwillgroup.com\\\/fr\\\/?s={search_term_string}\"},\"query-input\":{\"@type\":\"PropertyValueSpecification\",\"valueRequired\":true,\"valueName\":\"search_term_string\"}}],\"inLanguage\":\"fr-FR\"},{\"@type\":\"Organization\",\"@id\":\"https:\\\/\\\/www.teamwillgroup.com\\\/fr\\\/#organization\",\"name\":\"Teamwill\",\"url\":\"https:\\\/\\\/www.teamwillgroup.com\\\/fr\\\/\",\"logo\":{\"@type\":\"ImageObject\",\"inLanguage\":\"fr-FR\",\"@id\":\"https:\\\/\\\/www.teamwillgroup.com\\\/fr\\\/#\\\/schema\\\/logo\\\/image\\\/\",\"url\":\"https:\\\/\\\/www.teamwillgroup.com\\\/wp-content\\\/uploads\\\/2022\\\/05\\\/teamwill.png\",\"contentUrl\":\"https:\\\/\\\/www.teamwillgroup.com\\\/wp-content\\\/uploads\\\/2022\\\/05\\\/teamwill.png\",\"width\":239,\"height\":60,\"caption\":\"Teamwill\"},\"image\":{\"@id\":\"https:\\\/\\\/www.teamwillgroup.com\\\/fr\\\/#\\\/schema\\\/logo\\\/image\\\/\"},\"sameAs\":[\"https:\\\/\\\/www.linkedin.com\\\/company\\\/teamwill\"]}]}<\/script>\n<!-- \/ Yoast SEO plugin. -->","yoast_head_json":{"title":"Expertises - Teamwill","description":"Consulting IT dans les m\u00e9tiers du cr\u00e9dit, int\u00e9gration des progiciels, services manag\u00e9s et digitalisation sont nos principales expertises.","robots":{"index":"index","follow":"follow","max-snippet":"max-snippet:-1","max-image-preview":"max-image-preview:large","max-video-preview":"max-video-preview:-1"},"canonical":"https:\/\/www.teamwillgroup.com\/fr\/expertise-teamwill\/","og_locale":"fr_FR","og_type":"article","og_title":"Expertises - Teamwill","og_description":"Consulting IT dans les m\u00e9tiers du cr\u00e9dit, int\u00e9gration des progiciels, services manag\u00e9s et digitalisation sont nos principales expertises.","og_url":"https:\/\/www.teamwillgroup.com\/fr\/expertise-teamwill\/","og_site_name":"Teamwill","article_modified_time":"2026-01-27T10:57:41+00:00","twitter_card":"summary_large_image","twitter_misc":{"Dur\u00e9e de lecture estim\u00e9e":"7 minutes"},"schema":{"@context":"https:\/\/schema.org","@graph":[{"@type":"WebPage","@id":"https:\/\/www.teamwillgroup.com\/fr\/expertise-teamwill\/","url":"https:\/\/www.teamwillgroup.com\/fr\/expertise-teamwill\/","name":"Expertises - Teamwill","isPartOf":{"@id":"https:\/\/www.teamwillgroup.com\/fr\/#website"},"datePublished":"2022-05-31T14:56:06+00:00","dateModified":"2026-01-27T10:57:41+00:00","description":"Consulting IT dans les m\u00e9tiers du cr\u00e9dit, int\u00e9gration des progiciels, services manag\u00e9s et digitalisation sont nos principales expertises.","breadcrumb":{"@id":"https:\/\/www.teamwillgroup.com\/fr\/expertise-teamwill\/#breadcrumb"},"inLanguage":"fr-FR","potentialAction":[{"@type":"ReadAction","target":["https:\/\/www.teamwillgroup.com\/fr\/expertise-teamwill\/"]}]},{"@type":"BreadcrumbList","@id":"https:\/\/www.teamwillgroup.com\/fr\/expertise-teamwill\/#breadcrumb","itemListElement":[{"@type":"ListItem","position":1,"name":"Accueil","item":"https:\/\/www.teamwillgroup.com\/fr\/"},{"@type":"ListItem","position":2,"name":"Expertises"}]},{"@type":"WebSite","@id":"https:\/\/www.teamwillgroup.com\/fr\/#website","url":"https:\/\/www.teamwillgroup.com\/fr\/","name":"Teamwill","description":"Leading credit &amp;  Asset Finance Services","publisher":{"@id":"https:\/\/www.teamwillgroup.com\/fr\/#organization"},"potentialAction":[{"@type":"SearchAction","target":{"@type":"EntryPoint","urlTemplate":"https:\/\/www.teamwillgroup.com\/fr\/?s={search_term_string}"},"query-input":{"@type":"PropertyValueSpecification","valueRequired":true,"valueName":"search_term_string"}}],"inLanguage":"fr-FR"},{"@type":"Organization","@id":"https:\/\/www.teamwillgroup.com\/fr\/#organization","name":"Teamwill","url":"https:\/\/www.teamwillgroup.com\/fr\/","logo":{"@type":"ImageObject","inLanguage":"fr-FR","@id":"https:\/\/www.teamwillgroup.com\/fr\/#\/schema\/logo\/image\/","url":"https:\/\/www.teamwillgroup.com\/wp-content\/uploads\/2022\/05\/teamwill.png","contentUrl":"https:\/\/www.teamwillgroup.com\/wp-content\/uploads\/2022\/05\/teamwill.png","width":239,"height":60,"caption":"Teamwill"},"image":{"@id":"https:\/\/www.teamwillgroup.com\/fr\/#\/schema\/logo\/image\/"},"sameAs":["https:\/\/www.linkedin.com\/company\/teamwill"]}]}},"_links":{"self":[{"href":"https:\/\/www.teamwillgroup.com\/fr\/wp-json\/wp\/v2\/pages\/20","targetHints":{"allow":["GET"]}}],"collection":[{"href":"https:\/\/www.teamwillgroup.com\/fr\/wp-json\/wp\/v2\/pages"}],"about":[{"href":"https:\/\/www.teamwillgroup.com\/fr\/wp-json\/wp\/v2\/types\/page"}],"author":[{"embeddable":true,"href":"https:\/\/www.teamwillgroup.com\/fr\/wp-json\/wp\/v2\/users\/1"}],"replies":[{"embeddable":true,"href":"https:\/\/www.teamwillgroup.com\/fr\/wp-json\/wp\/v2\/comments?post=20"}],"version-history":[{"count":5,"href":"https:\/\/www.teamwillgroup.com\/fr\/wp-json\/wp\/v2\/pages\/20\/revisions"}],"predecessor-version":[{"id":10515,"href":"https:\/\/www.teamwillgroup.com\/fr\/wp-json\/wp\/v2\/pages\/20\/revisions\/10515"}],"wp:attachment":[{"href":"https:\/\/www.teamwillgroup.com\/fr\/wp-json\/wp\/v2\/media?parent=20"}],"curies":[{"name":"wp","href":"https:\/\/api.w.org\/{rel}","templated":true}]}}